{"id":2558,"date":"2019-06-18T11:31:36","date_gmt":"2019-06-18T08:31:36","guid":{"rendered":"https:\/\/pelltech.eu\/project-laava\/"},"modified":"2019-09-16T12:04:20","modified_gmt":"2019-09-16T09:04:20","slug":"projekt-laava","status":"publish","type":"page","link":"https:\/\/pelltech.eu\/et\/projekt-laava\/","title":{"rendered":"Projekt &#8220;Laava&#8221;"},"content":{"rendered":"\n<style type=\"text\/css\" data-created_by=\"avia_inline_auto\" id=\"style-css-av-1uv8qr-77ec09e65100cc337aabb132cc8580c0\">\n.flex_column.av-1uv8qr-77ec09e65100cc337aabb132cc8580c0{\nborder-radius:0px 0px 0px 0px;\npadding:0px 0px 0px 0px;\n}\n<\/style>\n<div  class='flex_column av-1uv8qr-77ec09e65100cc337aabb132cc8580c0 av_one_full  avia-builder-el-0  avia-builder-el-no-sibling  first flex_column_div av-zero-column-padding  '     ><p><section  class='av_textblock_section av-jyzn8yt1-c057dc9bbda39d8f5a90e4c3b66165ed '   itemscope=\"itemscope\" itemtype=\"https:\/\/schema.org\/CreativeWork\" ><div class='avia_textblock'  itemprop=\"text\" ><p>Projekt &#8220;Laava&#8221;<\/p>\n<ul>\n<li>Pelltech O\u00dc osaleb messidel ISH 2019, Agritechnika 2019 ja MCE \/ BIE 2020<\/li>\n<li>Projekti eesm\u00e4rk on leida olemasolevatele edasim\u00fc\u00fcjatele uusi potentsiaalseid edasim\u00fc\u00fcjaid ja uusi kliente<\/li>\n<li>ISH messilt kogusime m\u00f5lemas kategoorias palju kontakte<\/li>\n<li>Toetust saime Euroopa Regionaalarengu Fondist<\/li>\n<li>Toetuse summa: 31 934,40 EUR<\/li>\n<\/ul>\n<\/div><\/section><br \/>\n<section  class='av_textblock_section av-jyzn9thr-9f066bb0d8178ff2fe6b5e30739ef817 '   itemscope=\"itemscope\" itemtype=\"https:\/\/schema.org\/CreativeWork\" ><div class='avia_textblock'  itemprop=\"text\" ><p>Projekt &#8220;Tuli&#8221;<\/p>\n<ul>\n<li>Ettev\u00f5tte arendusprogramm toetab pikaajalist l\u00e4bim\u00f5eldud arendust, tegevuste paremat planeerimist, innovatsiooni juurutamist ja tootearendust.<\/li>\n<li>Projekti eesm\u00e4rk on k\u00f5rgema lisandv\u00e4\u00e4rtuse saavutamine ja m\u00fc\u00fcgitulu suurendamine.<\/li>\n<li>Projekti tulemusel kasvab ettev\u00f5tte m\u00fc\u00fcgitulu t\u00e4nu uutele kvaliteetsetele ja usaldusv\u00e4\u00e4rsetele toodetele.<\/li>\n<li>Toetust saime Euroopa Regionaalarengu Fondist.<\/li>\n<li>Toetuse summa: 156 613,95 EUR.<\/li>\n<\/ul>\n<\/div><\/section><\/p><\/div>\n","protected":false},"excerpt":{"rendered":"","protected":false},"author":2,"featured_media":2328,"parent":0,"menu_order":0,"comment_status":"closed","ping_status":"closed","template":"","meta":{"_acf_changed":false,"footnotes":""},"class_list":["post-2558","page","type-page","status-publish","has-post-thumbnail","hentry"],"acf":[],"yoast_head":"<!-- This site is optimized with the Yoast SEO plugin v27.1.1 - https:\/\/yoast.com\/product\/yoast-seo-wordpress\/ -->\n<title>Projekt &quot;Laava&quot; - Pelltech Burners<\/title>\n<meta name=\"robots\" content=\"index, follow, max-snippet:-1, max-image-preview:large, max-video-preview:-1\" \/>\n<link rel=\"canonical\" href=\"https:\/\/pelltech.eu\/project-laava\/\" \/>\n<meta property=\"og:locale\" content=\"et_EE\" \/>\n<meta property=\"og:type\" content=\"article\" \/>\n<meta property=\"og:title\" content=\"Projekt &quot;Laava&quot; - Pelltech Burners\" \/>\n<meta property=\"og:url\" content=\"https:\/\/pelltech.eu\/project-laava\/\" \/>\n<meta property=\"og:site_name\" content=\"Pelltech Burners\" \/>\n<meta property=\"article:modified_time\" content=\"2019-09-16T09:04:20+00:00\" \/>\n<meta property=\"og:image\" content=\"https:\/\/pelltech.eu\/wp-content\/uploads\/2019\/06\/EL_Regionaalarengufond_hor_ENG-2.jpg\" \/>\n\t<meta property=\"og:image:width\" content=\"1200\" \/>\n\t<meta property=\"og:image:height\" content=\"1200\" \/>\n\t<meta property=\"og:image:type\" content=\"image\/jpeg\" \/>\n<meta name=\"twitter:card\" content=\"summary_large_image\" \/>\n<meta name=\"twitter:label1\" content=\"Est. reading time\" \/>\n\t<meta name=\"twitter:data1\" content=\"1 minut\" \/>\n<script type=\"application\/ld+json\" class=\"yoast-schema-graph\">{\"@context\":\"https:\/\/schema.org\",\"@graph\":[{\"@type\":\"WebPage\",\"@id\":\"https:\/\/pelltech.eu\/project-laava\/\",\"url\":\"https:\/\/pelltech.eu\/project-laava\/\",\"name\":\"Projekt \\\"Laava\\\" - Pelltech Burners\",\"isPartOf\":{\"@id\":\"https:\/\/pelltech.eu\/et\/#website\"},\"primaryImageOfPage\":{\"@id\":\"https:\/\/pelltech.eu\/project-laava\/#primaryimage\"},\"image\":{\"@id\":\"https:\/\/pelltech.eu\/project-laava\/#primaryimage\"},\"thumbnailUrl\":\"https:\/\/pelltech.eu\/wp-content\/uploads\/2019\/06\/EL_Regionaalarengufond_hor_ENG-2.jpg\",\"datePublished\":\"2019-06-18T08:31:36+00:00\",\"dateModified\":\"2019-09-16T09:04:20+00:00\",\"breadcrumb\":{\"@id\":\"https:\/\/pelltech.eu\/project-laava\/#breadcrumb\"},\"inLanguage\":\"et\",\"potentialAction\":[{\"@type\":\"ReadAction\",\"target\":[\"https:\/\/pelltech.eu\/project-laava\/\"]}]},{\"@type\":\"ImageObject\",\"inLanguage\":\"et\",\"@id\":\"https:\/\/pelltech.eu\/project-laava\/#primaryimage\",\"url\":\"https:\/\/pelltech.eu\/wp-content\/uploads\/2019\/06\/EL_Regionaalarengufond_hor_ENG-2.jpg\",\"contentUrl\":\"https:\/\/pelltech.eu\/wp-content\/uploads\/2019\/06\/EL_Regionaalarengufond_hor_ENG-2.jpg\",\"width\":1200,\"height\":1200},{\"@type\":\"BreadcrumbList\",\"@id\":\"https:\/\/pelltech.eu\/project-laava\/#breadcrumb\",\"itemListElement\":[{\"@type\":\"ListItem\",\"position\":1,\"name\":\"Home\",\"item\":\"https:\/\/pelltech.eu\/et\/\"},{\"@type\":\"ListItem\",\"position\":2,\"name\":\"Projekt &#8220;Laava&#8221;\"}]},{\"@type\":\"WebSite\",\"@id\":\"https:\/\/pelltech.eu\/et\/#website\",\"url\":\"https:\/\/pelltech.eu\/et\/\",\"name\":\"Pelltech\",\"description\":\"\",\"publisher\":{\"@id\":\"https:\/\/pelltech.eu\/et\/#organization\"},\"potentialAction\":[{\"@type\":\"SearchAction\",\"target\":{\"@type\":\"EntryPoint\",\"urlTemplate\":\"https:\/\/pelltech.eu\/et\/?s={search_term_string}\"},\"query-input\":{\"@type\":\"PropertyValueSpecification\",\"valueRequired\":true,\"valueName\":\"search_term_string\"}}],\"inLanguage\":\"et\"},{\"@type\":\"Organization\",\"@id\":\"https:\/\/pelltech.eu\/et\/#organization\",\"name\":\"Pelltech\",\"url\":\"https:\/\/pelltech.eu\/et\/\",\"logo\":{\"@type\":\"ImageObject\",\"inLanguage\":\"et\",\"@id\":\"https:\/\/pelltech.eu\/et\/#\/schema\/logo\/image\/\",\"url\":\"https:\/\/pelltech.eu\/wp-content\/uploads\/2018\/09\/pelltech-logo.png\",\"contentUrl\":\"https:\/\/pelltech.eu\/wp-content\/uploads\/2018\/09\/pelltech-logo.png\",\"width\":548,\"height\":156,\"caption\":\"Pelltech\"},\"image\":{\"@id\":\"https:\/\/pelltech.eu\/et\/#\/schema\/logo\/image\/\"},\"sameAs\":[\"https:\/\/www.linkedin.com\/company\/3740174\/\"]}]}<\/script>\n<!-- \/ Yoast SEO plugin. -->","yoast_head_json":{"title":"Projekt \"Laava\" - Pelltech Burners","robots":{"index":"index","follow":"follow","max-snippet":"max-snippet:-1","max-image-preview":"max-image-preview:large","max-video-preview":"max-video-preview:-1"},"canonical":"https:\/\/pelltech.eu\/project-laava\/","og_locale":"et_EE","og_type":"article","og_title":"Projekt \"Laava\" - Pelltech Burners","og_url":"https:\/\/pelltech.eu\/project-laava\/","og_site_name":"Pelltech Burners","article_modified_time":"2019-09-16T09:04:20+00:00","og_image":[{"width":1200,"height":1200,"url":"https:\/\/pelltech.eu\/wp-content\/uploads\/2019\/06\/EL_Regionaalarengufond_hor_ENG-2.jpg","type":"image\/jpeg"}],"twitter_card":"summary_large_image","twitter_misc":{"Est. reading time":"1 minut"},"schema":{"@context":"https:\/\/schema.org","@graph":[{"@type":"WebPage","@id":"https:\/\/pelltech.eu\/project-laava\/","url":"https:\/\/pelltech.eu\/project-laava\/","name":"Projekt \"Laava\" - Pelltech Burners","isPartOf":{"@id":"https:\/\/pelltech.eu\/et\/#website"},"primaryImageOfPage":{"@id":"https:\/\/pelltech.eu\/project-laava\/#primaryimage"},"image":{"@id":"https:\/\/pelltech.eu\/project-laava\/#primaryimage"},"thumbnailUrl":"https:\/\/pelltech.eu\/wp-content\/uploads\/2019\/06\/EL_Regionaalarengufond_hor_ENG-2.jpg","datePublished":"2019-06-18T08:31:36+00:00","dateModified":"2019-09-16T09:04:20+00:00","breadcrumb":{"@id":"https:\/\/pelltech.eu\/project-laava\/#breadcrumb"},"inLanguage":"et","potentialAction":[{"@type":"ReadAction","target":["https:\/\/pelltech.eu\/project-laava\/"]}]},{"@type":"ImageObject","inLanguage":"et","@id":"https:\/\/pelltech.eu\/project-laava\/#primaryimage","url":"https:\/\/pelltech.eu\/wp-content\/uploads\/2019\/06\/EL_Regionaalarengufond_hor_ENG-2.jpg","contentUrl":"https:\/\/pelltech.eu\/wp-content\/uploads\/2019\/06\/EL_Regionaalarengufond_hor_ENG-2.jpg","width":1200,"height":1200},{"@type":"BreadcrumbList","@id":"https:\/\/pelltech.eu\/project-laava\/#breadcrumb","itemListElement":[{"@type":"ListItem","position":1,"name":"Home","item":"https:\/\/pelltech.eu\/et\/"},{"@type":"ListItem","position":2,"name":"Projekt &#8220;Laava&#8221;"}]},{"@type":"WebSite","@id":"https:\/\/pelltech.eu\/et\/#website","url":"https:\/\/pelltech.eu\/et\/","name":"Pelltech","description":"","publisher":{"@id":"https:\/\/pelltech.eu\/et\/#organization"},"potentialAction":[{"@type":"SearchAction","target":{"@type":"EntryPoint","urlTemplate":"https:\/\/pelltech.eu\/et\/?s={search_term_string}"},"query-input":{"@type":"PropertyValueSpecification","valueRequired":true,"valueName":"search_term_string"}}],"inLanguage":"et"},{"@type":"Organization","@id":"https:\/\/pelltech.eu\/et\/#organization","name":"Pelltech","url":"https:\/\/pelltech.eu\/et\/","logo":{"@type":"ImageObject","inLanguage":"et","@id":"https:\/\/pelltech.eu\/et\/#\/schema\/logo\/image\/","url":"https:\/\/pelltech.eu\/wp-content\/uploads\/2018\/09\/pelltech-logo.png","contentUrl":"https:\/\/pelltech.eu\/wp-content\/uploads\/2018\/09\/pelltech-logo.png","width":548,"height":156,"caption":"Pelltech"},"image":{"@id":"https:\/\/pelltech.eu\/et\/#\/schema\/logo\/image\/"},"sameAs":["https:\/\/www.linkedin.com\/company\/3740174\/"]}]}},"_links":{"self":[{"href":"https:\/\/pelltech.eu\/et\/wp-json\/wp\/v2\/pages\/2558","targetHints":{"allow":["GET"]}}],"collection":[{"href":"https:\/\/pelltech.eu\/et\/wp-json\/wp\/v2\/pages"}],"about":[{"href":"https:\/\/pelltech.eu\/et\/wp-json\/wp\/v2\/types\/page"}],"author":[{"embeddable":true,"href":"https:\/\/pelltech.eu\/et\/wp-json\/wp\/v2\/users\/2"}],"replies":[{"embeddable":true,"href":"https:\/\/pelltech.eu\/et\/wp-json\/wp\/v2\/comments?post=2558"}],"version-history":[{"count":2,"href":"https:\/\/pelltech.eu\/et\/wp-json\/wp\/v2\/pages\/2558\/revisions"}],"predecessor-version":[{"id":2584,"href":"https:\/\/pelltech.eu\/et\/wp-json\/wp\/v2\/pages\/2558\/revisions\/2584"}],"wp:featuredmedia":[{"embeddable":true,"href":"https:\/\/pelltech.eu\/et\/wp-json\/wp\/v2\/media\/2328"}],"wp:attachment":[{"href":"https:\/\/pelltech.eu\/et\/wp-json\/wp\/v2\/media?parent=2558"}],"curies":[{"name":"wp","href":"https:\/\/api.w.org\/{rel}","templated":true}]}}