{"id":2535,"date":"2018-10-25T14:18:14","date_gmt":"2018-10-25T11:18:14","guid":{"rendered":"https:\/\/pelltech.eu\/product\/pelltech-pv-100\/"},"modified":"2025-04-21T12:02:31","modified_gmt":"2025-04-21T09:02:31","slug":"pelltech-pv-100","status":"publish","type":"product","link":"https:\/\/pelltech.eu\/et\/toode\/pelltech-pv-100\/","title":{"rendered":"Pelltech PV100"},"content":{"rendered":"<ul>\n<li>V\u00f5imsus kuni 90 kW<\/li>\n<li>Sertifitseeritud vastavalt EN 15270:2008 standardile<\/li>\n<li>Keskkonnas\u00f5bralik toode: madalad emissioonid ja k\u00f5rge kasutegur<\/li>\n<li>Automaatne p\u00f5lemiskambri puhastus liikuvate restidega<\/li>\n<li>Pikk eluiga t\u00e4nu lihtsasti vahetatavatele osadele<\/li>\n<li>k\u00f5rgendatud stressitaluvusega keraamilised kivid<\/li>\n<li>Energias\u00e4\u00e4stlik<\/li>\n<\/ul>\n<p>&nbsp;<\/p>\n<p>Pelltech PV 100 p\u00f5letid pakuvad mitmek\u00fclgset kasutusv\u00f5imalust erinevates soojust vajavates s\u00fcsteemides nagu k\u00fcpsetusahjud, kuivatid, t\u00f6\u00f6stus \u2013 ja munitsipaalhoonete k\u00fcte. Selle p\u00f5leti lihtne ja kiire paigaldus ning v\u00e4hene hooldusvajadus t\u00f5stavad ta konkurentide ees kindlasti k\u00f5rgemale kohale. Eriti kasutajas\u00f5bralikuks muudab p\u00f5leti internetti \u00fchendamise v\u00f5imalus, t\u00e4nu sellele saab p\u00f5letit j\u00e4lgida ja seadistada igal ajal \u00fcksk\u00f5ik millisest nutiseadmest. Ka p\u00f5leti tarkvarauuendust on v\u00e4ga lihtne \u00fcle interneti teha.<\/p>\n<p>Toote ohutusele ja t\u00f6\u00f6kindlusele on p\u00f6\u00f6ratud erilist t\u00e4helepanu, olles vastavuses k\u00f5ikide Euroopa standarditega, on p\u00f5letitel mitme erineva taseme ohutusfunktsioonid ja hoolikalt valitud vastupidavad komponendid.<\/p>\n<p>&nbsp;<\/p>\n","protected":false},"excerpt":{"rendered":"<p>V\u00f5imsus kuni 100kW <br class=\"avia-permanent-lb\" \/>Automaatne puhastus <br class=\"avia-permanent-lb\" \/>Internetti \u00fchendamise v\u00f5imalus<\/p>\n","protected":false},"featured_media":674,"comment_status":"closed","ping_status":"closed","template":"","meta":{"_acf_changed":false},"product_brand":[],"product_cat":[55],"product_tag":[],"class_list":{"0":"post-2535","1":"product","2":"type-product","3":"status-publish","4":"has-post-thumbnail","6":"product_cat-poletid","8":"first","9":"instock","10":"taxable","11":"shipping-taxable","12":"product-type-simple"},"acf":[],"yoast_head":"<!-- This site is optimized with the Yoast SEO plugin v27.1.1 - https:\/\/yoast.com\/product\/yoast-seo-wordpress\/ -->\n<title>Pelltech PV100 - Pelltech Burners<\/title>\n<meta name=\"robots\" content=\"index, follow, max-snippet:-1, max-image-preview:large, max-video-preview:-1\" \/>\n<link rel=\"canonical\" href=\"https:\/\/pelltech.eu\/et\/toode\/pelltech-pv-100\/\" \/>\n<meta property=\"og:locale\" content=\"et_EE\" \/>\n<meta property=\"og:type\" content=\"article\" \/>\n<meta property=\"og:title\" content=\"Pelltech PV100 - Pelltech Burners\" \/>\n<meta property=\"og:description\" content=\"V\u00f5imsus kuni 100kW Automaatne puhastus Internetti \u00fchendamise v\u00f5imalus\" \/>\n<meta property=\"og:url\" content=\"https:\/\/pelltech.eu\/et\/toode\/pelltech-pv-100\/\" \/>\n<meta property=\"og:site_name\" content=\"Pelltech Burners\" \/>\n<meta property=\"article:modified_time\" content=\"2025-04-21T09:02:31+00:00\" \/>\n<meta property=\"og:image\" content=\"https:\/\/pelltech.eu\/wp-content\/uploads\/2018\/10\/PV100b-1.jpg\" \/>\n\t<meta property=\"og:image:width\" content=\"1100\" \/>\n\t<meta property=\"og:image:height\" content=\"1100\" \/>\n\t<meta property=\"og:image:type\" content=\"image\/jpeg\" \/>\n<meta name=\"twitter:card\" content=\"summary_large_image\" \/>\n<meta name=\"twitter:label1\" content=\"Est. reading time\" \/>\n\t<meta name=\"twitter:data1\" content=\"1 minut\" \/>\n<script type=\"application\/ld+json\" class=\"yoast-schema-graph\">{\"@context\":\"https:\/\/schema.org\",\"@graph\":[{\"@type\":\"WebPage\",\"@id\":\"https:\/\/pelltech.eu\/et\/toode\/pelltech-pv-100\/\",\"url\":\"https:\/\/pelltech.eu\/et\/toode\/pelltech-pv-100\/\",\"name\":\"Pelltech PV100 - Pelltech Burners\",\"isPartOf\":{\"@id\":\"https:\/\/pelltech.eu\/et\/#website\"},\"primaryImageOfPage\":{\"@id\":\"https:\/\/pelltech.eu\/et\/toode\/pelltech-pv-100\/#primaryimage\"},\"image\":{\"@id\":\"https:\/\/pelltech.eu\/et\/toode\/pelltech-pv-100\/#primaryimage\"},\"thumbnailUrl\":\"https:\/\/pelltech.eu\/wp-content\/uploads\/2018\/10\/PV100b-1.jpg\",\"datePublished\":\"2018-10-25T11:18:14+00:00\",\"dateModified\":\"2025-04-21T09:02:31+00:00\",\"breadcrumb\":{\"@id\":\"https:\/\/pelltech.eu\/et\/toode\/pelltech-pv-100\/#breadcrumb\"},\"inLanguage\":\"et\",\"potentialAction\":[{\"@type\":\"ReadAction\",\"target\":[\"https:\/\/pelltech.eu\/et\/toode\/pelltech-pv-100\/\"]}]},{\"@type\":\"ImageObject\",\"inLanguage\":\"et\",\"@id\":\"https:\/\/pelltech.eu\/et\/toode\/pelltech-pv-100\/#primaryimage\",\"url\":\"https:\/\/pelltech.eu\/wp-content\/uploads\/2018\/10\/PV100b-1.jpg\",\"contentUrl\":\"https:\/\/pelltech.eu\/wp-content\/uploads\/2018\/10\/PV100b-1.jpg\",\"width\":1100,\"height\":1100},{\"@type\":\"BreadcrumbList\",\"@id\":\"https:\/\/pelltech.eu\/et\/toode\/pelltech-pv-100\/#breadcrumb\",\"itemListElement\":[{\"@type\":\"ListItem\",\"position\":1,\"name\":\"Home\",\"item\":\"https:\/\/pelltech.eu\/et\/\"},{\"@type\":\"ListItem\",\"position\":2,\"name\":\"Tooted\",\"item\":\"https:\/\/pelltech.eu\/et\/shop\/\"},{\"@type\":\"ListItem\",\"position\":3,\"name\":\"Pelltech PV100\"}]},{\"@type\":\"WebSite\",\"@id\":\"https:\/\/pelltech.eu\/et\/#website\",\"url\":\"https:\/\/pelltech.eu\/et\/\",\"name\":\"Pelltech\",\"description\":\"\",\"publisher\":{\"@id\":\"https:\/\/pelltech.eu\/et\/#organization\"},\"potentialAction\":[{\"@type\":\"SearchAction\",\"target\":{\"@type\":\"EntryPoint\",\"urlTemplate\":\"https:\/\/pelltech.eu\/et\/?s={search_term_string}\"},\"query-input\":{\"@type\":\"PropertyValueSpecification\",\"valueRequired\":true,\"valueName\":\"search_term_string\"}}],\"inLanguage\":\"et\"},{\"@type\":\"Organization\",\"@id\":\"https:\/\/pelltech.eu\/et\/#organization\",\"name\":\"Pelltech\",\"url\":\"https:\/\/pelltech.eu\/et\/\",\"logo\":{\"@type\":\"ImageObject\",\"inLanguage\":\"et\",\"@id\":\"https:\/\/pelltech.eu\/et\/#\/schema\/logo\/image\/\",\"url\":\"https:\/\/pelltech.eu\/wp-content\/uploads\/2018\/09\/pelltech-logo.png\",\"contentUrl\":\"https:\/\/pelltech.eu\/wp-content\/uploads\/2018\/09\/pelltech-logo.png\",\"width\":548,\"height\":156,\"caption\":\"Pelltech\"},\"image\":{\"@id\":\"https:\/\/pelltech.eu\/et\/#\/schema\/logo\/image\/\"},\"sameAs\":[\"https:\/\/www.linkedin.com\/company\/3740174\/\"]}]}<\/script>\n<!-- \/ Yoast SEO plugin. -->","yoast_head_json":{"title":"Pelltech PV100 - Pelltech Burners","robots":{"index":"index","follow":"follow","max-snippet":"max-snippet:-1","max-image-preview":"max-image-preview:large","max-video-preview":"max-video-preview:-1"},"canonical":"https:\/\/pelltech.eu\/et\/toode\/pelltech-pv-100\/","og_locale":"et_EE","og_type":"article","og_title":"Pelltech PV100 - Pelltech Burners","og_description":"V\u00f5imsus kuni 100kW Automaatne puhastus Internetti \u00fchendamise v\u00f5imalus","og_url":"https:\/\/pelltech.eu\/et\/toode\/pelltech-pv-100\/","og_site_name":"Pelltech Burners","article_modified_time":"2025-04-21T09:02:31+00:00","og_image":[{"width":1100,"height":1100,"url":"https:\/\/pelltech.eu\/wp-content\/uploads\/2018\/10\/PV100b-1.jpg","type":"image\/jpeg"}],"twitter_card":"summary_large_image","twitter_misc":{"Est. reading time":"1 minut"},"schema":{"@context":"https:\/\/schema.org","@graph":[{"@type":"WebPage","@id":"https:\/\/pelltech.eu\/et\/toode\/pelltech-pv-100\/","url":"https:\/\/pelltech.eu\/et\/toode\/pelltech-pv-100\/","name":"Pelltech PV100 - Pelltech Burners","isPartOf":{"@id":"https:\/\/pelltech.eu\/et\/#website"},"primaryImageOfPage":{"@id":"https:\/\/pelltech.eu\/et\/toode\/pelltech-pv-100\/#primaryimage"},"image":{"@id":"https:\/\/pelltech.eu\/et\/toode\/pelltech-pv-100\/#primaryimage"},"thumbnailUrl":"https:\/\/pelltech.eu\/wp-content\/uploads\/2018\/10\/PV100b-1.jpg","datePublished":"2018-10-25T11:18:14+00:00","dateModified":"2025-04-21T09:02:31+00:00","breadcrumb":{"@id":"https:\/\/pelltech.eu\/et\/toode\/pelltech-pv-100\/#breadcrumb"},"inLanguage":"et","potentialAction":[{"@type":"ReadAction","target":["https:\/\/pelltech.eu\/et\/toode\/pelltech-pv-100\/"]}]},{"@type":"ImageObject","inLanguage":"et","@id":"https:\/\/pelltech.eu\/et\/toode\/pelltech-pv-100\/#primaryimage","url":"https:\/\/pelltech.eu\/wp-content\/uploads\/2018\/10\/PV100b-1.jpg","contentUrl":"https:\/\/pelltech.eu\/wp-content\/uploads\/2018\/10\/PV100b-1.jpg","width":1100,"height":1100},{"@type":"BreadcrumbList","@id":"https:\/\/pelltech.eu\/et\/toode\/pelltech-pv-100\/#breadcrumb","itemListElement":[{"@type":"ListItem","position":1,"name":"Home","item":"https:\/\/pelltech.eu\/et\/"},{"@type":"ListItem","position":2,"name":"Tooted","item":"https:\/\/pelltech.eu\/et\/shop\/"},{"@type":"ListItem","position":3,"name":"Pelltech PV100"}]},{"@type":"WebSite","@id":"https:\/\/pelltech.eu\/et\/#website","url":"https:\/\/pelltech.eu\/et\/","name":"Pelltech","description":"","publisher":{"@id":"https:\/\/pelltech.eu\/et\/#organization"},"potentialAction":[{"@type":"SearchAction","target":{"@type":"EntryPoint","urlTemplate":"https:\/\/pelltech.eu\/et\/?s={search_term_string}"},"query-input":{"@type":"PropertyValueSpecification","valueRequired":true,"valueName":"search_term_string"}}],"inLanguage":"et"},{"@type":"Organization","@id":"https:\/\/pelltech.eu\/et\/#organization","name":"Pelltech","url":"https:\/\/pelltech.eu\/et\/","logo":{"@type":"ImageObject","inLanguage":"et","@id":"https:\/\/pelltech.eu\/et\/#\/schema\/logo\/image\/","url":"https:\/\/pelltech.eu\/wp-content\/uploads\/2018\/09\/pelltech-logo.png","contentUrl":"https:\/\/pelltech.eu\/wp-content\/uploads\/2018\/09\/pelltech-logo.png","width":548,"height":156,"caption":"Pelltech"},"image":{"@id":"https:\/\/pelltech.eu\/et\/#\/schema\/logo\/image\/"},"sameAs":["https:\/\/www.linkedin.com\/company\/3740174\/"]}]}},"_links":{"self":[{"href":"https:\/\/pelltech.eu\/et\/wp-json\/wp\/v2\/product\/2535","targetHints":{"allow":["GET"]}}],"collection":[{"href":"https:\/\/pelltech.eu\/et\/wp-json\/wp\/v2\/product"}],"about":[{"href":"https:\/\/pelltech.eu\/et\/wp-json\/wp\/v2\/types\/product"}],"replies":[{"embeddable":true,"href":"https:\/\/pelltech.eu\/et\/wp-json\/wp\/v2\/comments?post=2535"}],"wp:featuredmedia":[{"embeddable":true,"href":"https:\/\/pelltech.eu\/et\/wp-json\/wp\/v2\/media\/674"}],"wp:attachment":[{"href":"https:\/\/pelltech.eu\/et\/wp-json\/wp\/v2\/media?parent=2535"}],"wp:term":[{"taxonomy":"product_brand","embeddable":true,"href":"https:\/\/pelltech.eu\/et\/wp-json\/wp\/v2\/product_brand?post=2535"},{"taxonomy":"product_cat","embeddable":true,"href":"https:\/\/pelltech.eu\/et\/wp-json\/wp\/v2\/product_cat?post=2535"},{"taxonomy":"product_tag","embeddable":true,"href":"https:\/\/pelltech.eu\/et\/wp-json\/wp\/v2\/product_tag?post=2535"}],"curies":[{"name":"wp","href":"https:\/\/api.w.org\/{rel}","templated":true}]}}