{"id":2753,"date":"2018-11-15T17:05:38","date_gmt":"2018-11-15T15:05:38","guid":{"rendered":"https:\/\/pelltech.eu\/product\/pelltech-everclean-pk1000\/"},"modified":"2025-10-20T10:42:41","modified_gmt":"2025-10-20T07:42:41","slug":"pelltech-everclean-pk1000","status":"publish","type":"product","link":"https:\/\/pelltech.eu\/et\/toode\/pelltech-everclean-pk1000\/","title":{"rendered":"Pelltech Everclean PK1000"},"content":{"rendered":"<ul>\n<li>Horisontaalne kolme k\u00e4iguline katel<\/li>\n<li>6 erinevat puhastusmehhanismi<\/li>\n<li>T\u00e4isautomaatne tuha\u00e4rastus<\/li>\n<li>Moduleeritav v\u00f5imsusvahemik<\/li>\n<li>SmartHouse kontroller p\u00f5leti, katla ja kogu k\u00fcttes\u00fcsteemi reguleerimiseks<\/li>\n<\/ul>\n<p>&nbsp;<\/p>\n<p>See k\u00f5rge kasuteguriga 3-k\u00e4iguline katel on spetsiaalselt disainitud pelleti p\u00f5letite jaoks ning t\u00f6\u00f6tab ideaalselt koos meie PV 250 p\u00f5letiga.<\/p>\n<p>6 erinevat puhastusmehhanismi garanteerivad pikad hooldusintervallid ja j\u00e4rjepideva k\u00f5rge kasuteguriga puhta p\u00f5lemise. Katlal on pneumaatiline puhastuss\u00fcsteem kolmanda suitsuk\u00e4igu torude puhastamiseks. Lendtuhk suunatakse katla tahaotsa, kust edasi liigub see tuhakonteinerisse. K\u00f5ige suurem roll tuha\u00e4rastuss\u00fcsteemis on katla kolde p\u00f5hja paigaldatud tuhakraabil ning katla all oleval tuhateol, t\u00e4nu millele kogu tuhk j\u00f5uab katla taga paiknevasse tuhakonteinerisse. Et tagada normidele vastav peenosakeste arv, tuleks s\u00fcsteemi \u00fchendada ka tuhats\u00fcklon, mida meie pakume juba integreeritud suistuventilaatoriga.<\/p>\n<p>Katla uks on disainitud selliselt, et tagab h\u00f5lpsa ligip\u00e4\u00e4su katla sisule. Katla kompaktne suurus laiendab veelgi selle kasutusvaldkondi, sest v\u00f5imaldab katelt paigaldada ka merekonteinerisse v\u00f5i m\u00f5nda sarnasesse ruumis\u00e4\u00e4stlikusse hoonesse.<\/p>\n<p><iframe style=\"aspect-ratio: 16 \/ 9;\" width=\"560\" src=\"https:\/\/www.youtube.com\/embed\/Fchwb3QhwxY?si=1ueP80--ak8rSeyY&#038;autoplay=1&#038;mute=1\" title=\"YouTube video player\" frameborder=\"0\" allow=\"accelerometer; autoplay; clipboard-write; encrypted-media; gyroscope; picture-in-picture; web-share\" referrerpolicy=\"strict-origin-when-cross-origin\" allowfullscreen><\/iframe><\/p>\n","protected":false},"excerpt":{"rendered":"<p>Horisontaalne kolme k\u00e4iguline katel 6 erinevat puhastusmehhanismi T\u00e4isautomaatne tuha\u00e4rastus Moduleeritav v\u00f5imsusvahemik SmartHouse kontroller p\u00f5leti, katla ja kogu k\u00fcttes\u00fcsteemi reguleerimiseks &nbsp; See k\u00f5rge kasuteguriga 3-k\u00e4iguline katel on spetsiaalselt disainitud pelleti p\u00f5letite jaoks ning t\u00f6\u00f6tab ideaalselt koos meie PV 250 p\u00f5letiga. 6 erinevat puhastusmehhanismi garanteerivad pikad hooldusintervallid ja j\u00e4rjepideva k\u00f5rge kasuteguriga puhta p\u00f5lemise. Katlal on pneumaatiline puhastuss\u00fcsteem [&hellip;]<\/p>\n","protected":false},"featured_media":3015,"comment_status":"closed","ping_status":"closed","template":"","meta":{"_acf_changed":false},"product_brand":[],"product_cat":[58],"product_tag":[],"class_list":{"0":"post-2753","1":"product","2":"type-product","3":"status-publish","4":"has-post-thumbnail","6":"product_cat-katlad","8":"first","9":"instock","10":"taxable","11":"shipping-taxable","12":"product-type-simple"},"acf":[],"yoast_head":"<!-- This site is optimized with the Yoast SEO plugin v27.1.1 - https:\/\/yoast.com\/product\/yoast-seo-wordpress\/ -->\n<title>Pelltech Everclean PK1000 - Pelltech Burners<\/title>\n<meta name=\"robots\" content=\"index, follow, max-snippet:-1, max-image-preview:large, max-video-preview:-1\" \/>\n<link rel=\"canonical\" href=\"https:\/\/pelltech.eu\/et\/toode\/pelltech-everclean-pk1000\/\" \/>\n<meta property=\"og:locale\" content=\"et_EE\" \/>\n<meta property=\"og:type\" content=\"article\" \/>\n<meta property=\"og:title\" content=\"Pelltech Everclean PK1000 - Pelltech Burners\" \/>\n<meta property=\"og:description\" content=\"Horisontaalne kolme k\u00e4iguline katel 6 erinevat puhastusmehhanismi T\u00e4isautomaatne tuha\u00e4rastus Moduleeritav v\u00f5imsusvahemik SmartHouse kontroller p\u00f5leti, katla ja kogu k\u00fcttes\u00fcsteemi reguleerimiseks &nbsp; See k\u00f5rge kasuteguriga 3-k\u00e4iguline katel on spetsiaalselt disainitud pelleti p\u00f5letite jaoks ning t\u00f6\u00f6tab ideaalselt koos meie PV 250 p\u00f5letiga. 6 erinevat puhastusmehhanismi garanteerivad pikad hooldusintervallid ja j\u00e4rjepideva k\u00f5rge kasuteguriga puhta p\u00f5lemise. Katlal on pneumaatiline puhastuss\u00fcsteem [&hellip;]\" \/>\n<meta property=\"og:url\" content=\"https:\/\/pelltech.eu\/et\/toode\/pelltech-everclean-pk1000\/\" \/>\n<meta property=\"og:site_name\" content=\"Pelltech Burners\" \/>\n<meta property=\"article:modified_time\" content=\"2025-10-20T07:42:41+00:00\" \/>\n<meta property=\"og:image\" content=\"https:\/\/pelltech.eu\/wp-content\/uploads\/2020\/04\/PK1000B1_katel-1.jpg\" \/>\n\t<meta property=\"og:image:width\" content=\"1708\" \/>\n\t<meta property=\"og:image:height\" content=\"1708\" \/>\n\t<meta property=\"og:image:type\" content=\"image\/jpeg\" \/>\n<meta name=\"twitter:card\" content=\"summary_large_image\" \/>\n<script type=\"application\/ld+json\" class=\"yoast-schema-graph\">{\"@context\":\"https:\/\/schema.org\",\"@graph\":[{\"@type\":\"WebPage\",\"@id\":\"https:\/\/pelltech.eu\/et\/toode\/pelltech-everclean-pk1000\/\",\"url\":\"https:\/\/pelltech.eu\/et\/toode\/pelltech-everclean-pk1000\/\",\"name\":\"Pelltech Everclean PK1000 - Pelltech Burners\",\"isPartOf\":{\"@id\":\"https:\/\/pelltech.eu\/et\/#website\"},\"primaryImageOfPage\":{\"@id\":\"https:\/\/pelltech.eu\/et\/toode\/pelltech-everclean-pk1000\/#primaryimage\"},\"image\":{\"@id\":\"https:\/\/pelltech.eu\/et\/toode\/pelltech-everclean-pk1000\/#primaryimage\"},\"thumbnailUrl\":\"https:\/\/pelltech.eu\/wp-content\/uploads\/2020\/04\/PK1000B1_katel-1.jpg\",\"datePublished\":\"2018-11-15T15:05:38+00:00\",\"dateModified\":\"2025-10-20T07:42:41+00:00\",\"breadcrumb\":{\"@id\":\"https:\/\/pelltech.eu\/et\/toode\/pelltech-everclean-pk1000\/#breadcrumb\"},\"inLanguage\":\"et\",\"potentialAction\":[{\"@type\":\"ReadAction\",\"target\":[\"https:\/\/pelltech.eu\/et\/toode\/pelltech-everclean-pk1000\/\"]}]},{\"@type\":\"ImageObject\",\"inLanguage\":\"et\",\"@id\":\"https:\/\/pelltech.eu\/et\/toode\/pelltech-everclean-pk1000\/#primaryimage\",\"url\":\"https:\/\/pelltech.eu\/wp-content\/uploads\/2020\/04\/PK1000B1_katel-1.jpg\",\"contentUrl\":\"https:\/\/pelltech.eu\/wp-content\/uploads\/2020\/04\/PK1000B1_katel-1.jpg\",\"width\":1708,\"height\":1708},{\"@type\":\"BreadcrumbList\",\"@id\":\"https:\/\/pelltech.eu\/et\/toode\/pelltech-everclean-pk1000\/#breadcrumb\",\"itemListElement\":[{\"@type\":\"ListItem\",\"position\":1,\"name\":\"Home\",\"item\":\"https:\/\/pelltech.eu\/et\/\"},{\"@type\":\"ListItem\",\"position\":2,\"name\":\"Tooted\",\"item\":\"https:\/\/pelltech.eu\/et\/shop\/\"},{\"@type\":\"ListItem\",\"position\":3,\"name\":\"Pelltech Everclean PK1000\"}]},{\"@type\":\"WebSite\",\"@id\":\"https:\/\/pelltech.eu\/et\/#website\",\"url\":\"https:\/\/pelltech.eu\/et\/\",\"name\":\"Pelltech\",\"description\":\"\",\"publisher\":{\"@id\":\"https:\/\/pelltech.eu\/et\/#organization\"},\"potentialAction\":[{\"@type\":\"SearchAction\",\"target\":{\"@type\":\"EntryPoint\",\"urlTemplate\":\"https:\/\/pelltech.eu\/et\/?s={search_term_string}\"},\"query-input\":{\"@type\":\"PropertyValueSpecification\",\"valueRequired\":true,\"valueName\":\"search_term_string\"}}],\"inLanguage\":\"et\"},{\"@type\":\"Organization\",\"@id\":\"https:\/\/pelltech.eu\/et\/#organization\",\"name\":\"Pelltech\",\"url\":\"https:\/\/pelltech.eu\/et\/\",\"logo\":{\"@type\":\"ImageObject\",\"inLanguage\":\"et\",\"@id\":\"https:\/\/pelltech.eu\/et\/#\/schema\/logo\/image\/\",\"url\":\"https:\/\/pelltech.eu\/wp-content\/uploads\/2018\/09\/pelltech-logo.png\",\"contentUrl\":\"https:\/\/pelltech.eu\/wp-content\/uploads\/2018\/09\/pelltech-logo.png\",\"width\":548,\"height\":156,\"caption\":\"Pelltech\"},\"image\":{\"@id\":\"https:\/\/pelltech.eu\/et\/#\/schema\/logo\/image\/\"},\"sameAs\":[\"https:\/\/www.linkedin.com\/company\/3740174\/\"]}]}<\/script>\n<!-- \/ Yoast SEO plugin. -->","yoast_head_json":{"title":"Pelltech Everclean PK1000 - Pelltech Burners","robots":{"index":"index","follow":"follow","max-snippet":"max-snippet:-1","max-image-preview":"max-image-preview:large","max-video-preview":"max-video-preview:-1"},"canonical":"https:\/\/pelltech.eu\/et\/toode\/pelltech-everclean-pk1000\/","og_locale":"et_EE","og_type":"article","og_title":"Pelltech Everclean PK1000 - Pelltech Burners","og_description":"Horisontaalne kolme k\u00e4iguline katel 6 erinevat puhastusmehhanismi T\u00e4isautomaatne tuha\u00e4rastus Moduleeritav v\u00f5imsusvahemik SmartHouse kontroller p\u00f5leti, katla ja kogu k\u00fcttes\u00fcsteemi reguleerimiseks &nbsp; See k\u00f5rge kasuteguriga 3-k\u00e4iguline katel on spetsiaalselt disainitud pelleti p\u00f5letite jaoks ning t\u00f6\u00f6tab ideaalselt koos meie PV 250 p\u00f5letiga. 6 erinevat puhastusmehhanismi garanteerivad pikad hooldusintervallid ja j\u00e4rjepideva k\u00f5rge kasuteguriga puhta p\u00f5lemise. Katlal on pneumaatiline puhastuss\u00fcsteem [&hellip;]","og_url":"https:\/\/pelltech.eu\/et\/toode\/pelltech-everclean-pk1000\/","og_site_name":"Pelltech Burners","article_modified_time":"2025-10-20T07:42:41+00:00","og_image":[{"width":1708,"height":1708,"url":"https:\/\/pelltech.eu\/wp-content\/uploads\/2020\/04\/PK1000B1_katel-1.jpg","type":"image\/jpeg"}],"twitter_card":"summary_large_image","schema":{"@context":"https:\/\/schema.org","@graph":[{"@type":"WebPage","@id":"https:\/\/pelltech.eu\/et\/toode\/pelltech-everclean-pk1000\/","url":"https:\/\/pelltech.eu\/et\/toode\/pelltech-everclean-pk1000\/","name":"Pelltech Everclean PK1000 - Pelltech Burners","isPartOf":{"@id":"https:\/\/pelltech.eu\/et\/#website"},"primaryImageOfPage":{"@id":"https:\/\/pelltech.eu\/et\/toode\/pelltech-everclean-pk1000\/#primaryimage"},"image":{"@id":"https:\/\/pelltech.eu\/et\/toode\/pelltech-everclean-pk1000\/#primaryimage"},"thumbnailUrl":"https:\/\/pelltech.eu\/wp-content\/uploads\/2020\/04\/PK1000B1_katel-1.jpg","datePublished":"2018-11-15T15:05:38+00:00","dateModified":"2025-10-20T07:42:41+00:00","breadcrumb":{"@id":"https:\/\/pelltech.eu\/et\/toode\/pelltech-everclean-pk1000\/#breadcrumb"},"inLanguage":"et","potentialAction":[{"@type":"ReadAction","target":["https:\/\/pelltech.eu\/et\/toode\/pelltech-everclean-pk1000\/"]}]},{"@type":"ImageObject","inLanguage":"et","@id":"https:\/\/pelltech.eu\/et\/toode\/pelltech-everclean-pk1000\/#primaryimage","url":"https:\/\/pelltech.eu\/wp-content\/uploads\/2020\/04\/PK1000B1_katel-1.jpg","contentUrl":"https:\/\/pelltech.eu\/wp-content\/uploads\/2020\/04\/PK1000B1_katel-1.jpg","width":1708,"height":1708},{"@type":"BreadcrumbList","@id":"https:\/\/pelltech.eu\/et\/toode\/pelltech-everclean-pk1000\/#breadcrumb","itemListElement":[{"@type":"ListItem","position":1,"name":"Home","item":"https:\/\/pelltech.eu\/et\/"},{"@type":"ListItem","position":2,"name":"Tooted","item":"https:\/\/pelltech.eu\/et\/shop\/"},{"@type":"ListItem","position":3,"name":"Pelltech Everclean PK1000"}]},{"@type":"WebSite","@id":"https:\/\/pelltech.eu\/et\/#website","url":"https:\/\/pelltech.eu\/et\/","name":"Pelltech","description":"","publisher":{"@id":"https:\/\/pelltech.eu\/et\/#organization"},"potentialAction":[{"@type":"SearchAction","target":{"@type":"EntryPoint","urlTemplate":"https:\/\/pelltech.eu\/et\/?s={search_term_string}"},"query-input":{"@type":"PropertyValueSpecification","valueRequired":true,"valueName":"search_term_string"}}],"inLanguage":"et"},{"@type":"Organization","@id":"https:\/\/pelltech.eu\/et\/#organization","name":"Pelltech","url":"https:\/\/pelltech.eu\/et\/","logo":{"@type":"ImageObject","inLanguage":"et","@id":"https:\/\/pelltech.eu\/et\/#\/schema\/logo\/image\/","url":"https:\/\/pelltech.eu\/wp-content\/uploads\/2018\/09\/pelltech-logo.png","contentUrl":"https:\/\/pelltech.eu\/wp-content\/uploads\/2018\/09\/pelltech-logo.png","width":548,"height":156,"caption":"Pelltech"},"image":{"@id":"https:\/\/pelltech.eu\/et\/#\/schema\/logo\/image\/"},"sameAs":["https:\/\/www.linkedin.com\/company\/3740174\/"]}]}},"_links":{"self":[{"href":"https:\/\/pelltech.eu\/et\/wp-json\/wp\/v2\/product\/2753","targetHints":{"allow":["GET"]}}],"collection":[{"href":"https:\/\/pelltech.eu\/et\/wp-json\/wp\/v2\/product"}],"about":[{"href":"https:\/\/pelltech.eu\/et\/wp-json\/wp\/v2\/types\/product"}],"replies":[{"embeddable":true,"href":"https:\/\/pelltech.eu\/et\/wp-json\/wp\/v2\/comments?post=2753"}],"wp:featuredmedia":[{"embeddable":true,"href":"https:\/\/pelltech.eu\/et\/wp-json\/wp\/v2\/media\/3015"}],"wp:attachment":[{"href":"https:\/\/pelltech.eu\/et\/wp-json\/wp\/v2\/media?parent=2753"}],"wp:term":[{"taxonomy":"product_brand","embeddable":true,"href":"https:\/\/pelltech.eu\/et\/wp-json\/wp\/v2\/product_brand?post=2753"},{"taxonomy":"product_cat","embeddable":true,"href":"https:\/\/pelltech.eu\/et\/wp-json\/wp\/v2\/product_cat?post=2753"},{"taxonomy":"product_tag","embeddable":true,"href":"https:\/\/pelltech.eu\/et\/wp-json\/wp\/v2\/product_tag?post=2753"}],"curies":[{"name":"wp","href":"https:\/\/api.w.org\/{rel}","templated":true}]}}