{"id":2755,"date":"2018-11-15T15:43:05","date_gmt":"2018-11-15T13:43:05","guid":{"rendered":"https:\/\/pelltech.eu\/product\/pelltech-pv-700\/"},"modified":"2025-04-22T11:24:09","modified_gmt":"2025-04-22T08:24:09","slug":"pelltech-pv-700","status":"publish","type":"product","link":"https:\/\/pelltech.eu\/et\/toode\/pelltech-pv-700\/","title":{"rendered":"Pelltech PV700"},"content":{"rendered":"<ul>\n<li>V\u00f5imsus kuni 700 kW<\/li>\n<li>Integreeritud internetimoodul online seadistamiseks<\/li>\n<li>Integreeritud alar\u00f5huandur<\/li>\n<li>Temperatuurimuutuste ennustamine<\/li>\n<li>Madalad emissioonid ja k\u00f5rge kasutegur<\/li>\n<li>P\u00f5lemiskambri automaatne puhastus<\/li>\n<li>Lihtne hooldada<\/li>\n<li>Sobib paljude erinevate soojusvahetite ette<\/li>\n<\/ul>\n<p>&nbsp;<\/p>\n<p>Pelltech PV700 pelletip\u00f5letid pakuvad mugavat, soodsat ja keskkonnas\u00f5bralikku v\u00f5imalust soojuse tootmiseks, sobitudes v\u00e4ga mitmete erinevate soojusvahetite ette, sh aurukatlad, \u00f5li-ja tahkek\u00fctusekatlad, kuivatid, aurutid. P\u00f5letid sobivad ideaalselt t\u00f6\u00f6tlevasse t\u00f6\u00f6stusesse, kasvuhoonete k\u00fctmiseks, loomafarmidesse, spaade-ja hotellide v\u00f5i ka kogu k\u00fcla k\u00fctmiseks &#8211; k\u00f5ikjale, kus on tarvis t\u00f6\u00f6kindlat ja efektiivset soojusallikat.<\/p>\n<p>PV700 on t\u00e4isautomaatne pelleti\u00f5leti integreeritud juhtpaneeliga. Liikuvate restidega isepuhastuv p\u00f5lemiskamber tagab stabiilsed p\u00f5lemistingimused ja hoiab seadme t\u00f5rgeteta t\u00f6\u00f6s ka pikemaajalisel kasutusel. Termo\u0161okikindlad keraamilised kivid tagavad vastupidavuse ka v\u00e4ga k\u00f5rgetel temperatuuridel.<\/p>\n<p>Erilist t\u00e4helepanu on p\u00f6\u00f6ratud toote ohutusele ja t\u00f6\u00f6kindlusele. Lisaks mitmetele teistele ohutusseadmetele nagu tagavaraaku ja alar\u00f5huandur, on t\u00f6\u00f6stuslikele p\u00f5letitele paigaldatud ka sprinkler-ja pulberkustutuss\u00fcsteem.<\/p>\n<p>Internetimoodul kuulub t\u00f6\u00f6stuslikel p\u00f5letitel standardlahenduse sisse ning on juba integreeritud. See v\u00f5imaldab p\u00f5leti t\u00f6\u00f6d j\u00e4lgida igal ajal igas kohas ning vajadusel v\u00e4ga kiiresti seadme t\u00f5rkeid diagnoosida. T\u00e4nu seadmete online monitoorimisele saame pakkuda klientidele kiiret ja professionaalset tehnilist tuge.<\/p>\n","protected":false},"excerpt":{"rendered":"<p>V\u00f5imsus kuni 700kW <br class=\"avia-permanent-lb\" \/>Automaatne puhastus <br class=\"avia-permanent-lb\" \/>Internetti \u00fchendamise v\u00f5imalus<\/p>\n","protected":false},"featured_media":684,"comment_status":"closed","ping_status":"closed","template":"","meta":{"_acf_changed":false},"product_brand":[],"product_cat":[55],"product_tag":[],"class_list":{"0":"post-2755","1":"product","2":"type-product","3":"status-publish","4":"has-post-thumbnail","6":"product_cat-poletid","8":"first","9":"instock","10":"taxable","11":"shipping-taxable","12":"product-type-simple"},"acf":[],"yoast_head":"<!-- This site is optimized with the Yoast SEO plugin v27.1.1 - https:\/\/yoast.com\/product\/yoast-seo-wordpress\/ -->\n<title>Pelltech PV700 - Pelltech Burners<\/title>\n<meta name=\"robots\" content=\"index, follow, max-snippet:-1, max-image-preview:large, max-video-preview:-1\" \/>\n<link rel=\"canonical\" href=\"https:\/\/pelltech.eu\/et\/toode\/pelltech-pv-700\/\" \/>\n<meta property=\"og:locale\" content=\"et_EE\" \/>\n<meta property=\"og:type\" content=\"article\" \/>\n<meta property=\"og:title\" content=\"Pelltech PV700 - Pelltech Burners\" \/>\n<meta property=\"og:description\" content=\"V\u00f5imsus kuni 700kW Automaatne puhastus Internetti \u00fchendamise v\u00f5imalus\" \/>\n<meta property=\"og:url\" content=\"https:\/\/pelltech.eu\/et\/toode\/pelltech-pv-700\/\" \/>\n<meta property=\"og:site_name\" content=\"Pelltech Burners\" \/>\n<meta property=\"article:modified_time\" content=\"2025-04-22T08:24:09+00:00\" \/>\n<meta property=\"og:image\" content=\"https:\/\/pelltech.eu\/wp-content\/uploads\/2018\/11\/PV700a-1.jpg\" \/>\n\t<meta property=\"og:image:width\" content=\"1100\" \/>\n\t<meta property=\"og:image:height\" content=\"825\" \/>\n\t<meta property=\"og:image:type\" content=\"image\/jpeg\" \/>\n<meta name=\"twitter:card\" content=\"summary_large_image\" \/>\n<meta name=\"twitter:label1\" content=\"Est. reading time\" \/>\n\t<meta name=\"twitter:data1\" content=\"1 minut\" \/>\n<script type=\"application\/ld+json\" class=\"yoast-schema-graph\">{\"@context\":\"https:\/\/schema.org\",\"@graph\":[{\"@type\":\"WebPage\",\"@id\":\"https:\/\/pelltech.eu\/et\/toode\/pelltech-pv-700\/\",\"url\":\"https:\/\/pelltech.eu\/et\/toode\/pelltech-pv-700\/\",\"name\":\"Pelltech PV700 - Pelltech Burners\",\"isPartOf\":{\"@id\":\"https:\/\/pelltech.eu\/et\/#website\"},\"primaryImageOfPage\":{\"@id\":\"https:\/\/pelltech.eu\/et\/toode\/pelltech-pv-700\/#primaryimage\"},\"image\":{\"@id\":\"https:\/\/pelltech.eu\/et\/toode\/pelltech-pv-700\/#primaryimage\"},\"thumbnailUrl\":\"https:\/\/pelltech.eu\/wp-content\/uploads\/2018\/11\/PV700a-1.jpg\",\"datePublished\":\"2018-11-15T13:43:05+00:00\",\"dateModified\":\"2025-04-22T08:24:09+00:00\",\"breadcrumb\":{\"@id\":\"https:\/\/pelltech.eu\/et\/toode\/pelltech-pv-700\/#breadcrumb\"},\"inLanguage\":\"et\",\"potentialAction\":[{\"@type\":\"ReadAction\",\"target\":[\"https:\/\/pelltech.eu\/et\/toode\/pelltech-pv-700\/\"]}]},{\"@type\":\"ImageObject\",\"inLanguage\":\"et\",\"@id\":\"https:\/\/pelltech.eu\/et\/toode\/pelltech-pv-700\/#primaryimage\",\"url\":\"https:\/\/pelltech.eu\/wp-content\/uploads\/2018\/11\/PV700a-1.jpg\",\"contentUrl\":\"https:\/\/pelltech.eu\/wp-content\/uploads\/2018\/11\/PV700a-1.jpg\",\"width\":1100,\"height\":825},{\"@type\":\"BreadcrumbList\",\"@id\":\"https:\/\/pelltech.eu\/et\/toode\/pelltech-pv-700\/#breadcrumb\",\"itemListElement\":[{\"@type\":\"ListItem\",\"position\":1,\"name\":\"Home\",\"item\":\"https:\/\/pelltech.eu\/et\/\"},{\"@type\":\"ListItem\",\"position\":2,\"name\":\"Tooted\",\"item\":\"https:\/\/pelltech.eu\/et\/shop\/\"},{\"@type\":\"ListItem\",\"position\":3,\"name\":\"Pelltech PV700\"}]},{\"@type\":\"WebSite\",\"@id\":\"https:\/\/pelltech.eu\/et\/#website\",\"url\":\"https:\/\/pelltech.eu\/et\/\",\"name\":\"Pelltech\",\"description\":\"\",\"publisher\":{\"@id\":\"https:\/\/pelltech.eu\/et\/#organization\"},\"potentialAction\":[{\"@type\":\"SearchAction\",\"target\":{\"@type\":\"EntryPoint\",\"urlTemplate\":\"https:\/\/pelltech.eu\/et\/?s={search_term_string}\"},\"query-input\":{\"@type\":\"PropertyValueSpecification\",\"valueRequired\":true,\"valueName\":\"search_term_string\"}}],\"inLanguage\":\"et\"},{\"@type\":\"Organization\",\"@id\":\"https:\/\/pelltech.eu\/et\/#organization\",\"name\":\"Pelltech\",\"url\":\"https:\/\/pelltech.eu\/et\/\",\"logo\":{\"@type\":\"ImageObject\",\"inLanguage\":\"et\",\"@id\":\"https:\/\/pelltech.eu\/et\/#\/schema\/logo\/image\/\",\"url\":\"https:\/\/pelltech.eu\/wp-content\/uploads\/2018\/09\/pelltech-logo.png\",\"contentUrl\":\"https:\/\/pelltech.eu\/wp-content\/uploads\/2018\/09\/pelltech-logo.png\",\"width\":548,\"height\":156,\"caption\":\"Pelltech\"},\"image\":{\"@id\":\"https:\/\/pelltech.eu\/et\/#\/schema\/logo\/image\/\"},\"sameAs\":[\"https:\/\/www.linkedin.com\/company\/3740174\/\"]}]}<\/script>\n<!-- \/ Yoast SEO plugin. -->","yoast_head_json":{"title":"Pelltech PV700 - Pelltech Burners","robots":{"index":"index","follow":"follow","max-snippet":"max-snippet:-1","max-image-preview":"max-image-preview:large","max-video-preview":"max-video-preview:-1"},"canonical":"https:\/\/pelltech.eu\/et\/toode\/pelltech-pv-700\/","og_locale":"et_EE","og_type":"article","og_title":"Pelltech PV700 - Pelltech Burners","og_description":"V\u00f5imsus kuni 700kW Automaatne puhastus Internetti \u00fchendamise v\u00f5imalus","og_url":"https:\/\/pelltech.eu\/et\/toode\/pelltech-pv-700\/","og_site_name":"Pelltech Burners","article_modified_time":"2025-04-22T08:24:09+00:00","og_image":[{"width":1100,"height":825,"url":"https:\/\/pelltech.eu\/wp-content\/uploads\/2018\/11\/PV700a-1.jpg","type":"image\/jpeg"}],"twitter_card":"summary_large_image","twitter_misc":{"Est. reading time":"1 minut"},"schema":{"@context":"https:\/\/schema.org","@graph":[{"@type":"WebPage","@id":"https:\/\/pelltech.eu\/et\/toode\/pelltech-pv-700\/","url":"https:\/\/pelltech.eu\/et\/toode\/pelltech-pv-700\/","name":"Pelltech PV700 - Pelltech Burners","isPartOf":{"@id":"https:\/\/pelltech.eu\/et\/#website"},"primaryImageOfPage":{"@id":"https:\/\/pelltech.eu\/et\/toode\/pelltech-pv-700\/#primaryimage"},"image":{"@id":"https:\/\/pelltech.eu\/et\/toode\/pelltech-pv-700\/#primaryimage"},"thumbnailUrl":"https:\/\/pelltech.eu\/wp-content\/uploads\/2018\/11\/PV700a-1.jpg","datePublished":"2018-11-15T13:43:05+00:00","dateModified":"2025-04-22T08:24:09+00:00","breadcrumb":{"@id":"https:\/\/pelltech.eu\/et\/toode\/pelltech-pv-700\/#breadcrumb"},"inLanguage":"et","potentialAction":[{"@type":"ReadAction","target":["https:\/\/pelltech.eu\/et\/toode\/pelltech-pv-700\/"]}]},{"@type":"ImageObject","inLanguage":"et","@id":"https:\/\/pelltech.eu\/et\/toode\/pelltech-pv-700\/#primaryimage","url":"https:\/\/pelltech.eu\/wp-content\/uploads\/2018\/11\/PV700a-1.jpg","contentUrl":"https:\/\/pelltech.eu\/wp-content\/uploads\/2018\/11\/PV700a-1.jpg","width":1100,"height":825},{"@type":"BreadcrumbList","@id":"https:\/\/pelltech.eu\/et\/toode\/pelltech-pv-700\/#breadcrumb","itemListElement":[{"@type":"ListItem","position":1,"name":"Home","item":"https:\/\/pelltech.eu\/et\/"},{"@type":"ListItem","position":2,"name":"Tooted","item":"https:\/\/pelltech.eu\/et\/shop\/"},{"@type":"ListItem","position":3,"name":"Pelltech PV700"}]},{"@type":"WebSite","@id":"https:\/\/pelltech.eu\/et\/#website","url":"https:\/\/pelltech.eu\/et\/","name":"Pelltech","description":"","publisher":{"@id":"https:\/\/pelltech.eu\/et\/#organization"},"potentialAction":[{"@type":"SearchAction","target":{"@type":"EntryPoint","urlTemplate":"https:\/\/pelltech.eu\/et\/?s={search_term_string}"},"query-input":{"@type":"PropertyValueSpecification","valueRequired":true,"valueName":"search_term_string"}}],"inLanguage":"et"},{"@type":"Organization","@id":"https:\/\/pelltech.eu\/et\/#organization","name":"Pelltech","url":"https:\/\/pelltech.eu\/et\/","logo":{"@type":"ImageObject","inLanguage":"et","@id":"https:\/\/pelltech.eu\/et\/#\/schema\/logo\/image\/","url":"https:\/\/pelltech.eu\/wp-content\/uploads\/2018\/09\/pelltech-logo.png","contentUrl":"https:\/\/pelltech.eu\/wp-content\/uploads\/2018\/09\/pelltech-logo.png","width":548,"height":156,"caption":"Pelltech"},"image":{"@id":"https:\/\/pelltech.eu\/et\/#\/schema\/logo\/image\/"},"sameAs":["https:\/\/www.linkedin.com\/company\/3740174\/"]}]}},"_links":{"self":[{"href":"https:\/\/pelltech.eu\/et\/wp-json\/wp\/v2\/product\/2755","targetHints":{"allow":["GET"]}}],"collection":[{"href":"https:\/\/pelltech.eu\/et\/wp-json\/wp\/v2\/product"}],"about":[{"href":"https:\/\/pelltech.eu\/et\/wp-json\/wp\/v2\/types\/product"}],"replies":[{"embeddable":true,"href":"https:\/\/pelltech.eu\/et\/wp-json\/wp\/v2\/comments?post=2755"}],"wp:featuredmedia":[{"embeddable":true,"href":"https:\/\/pelltech.eu\/et\/wp-json\/wp\/v2\/media\/684"}],"wp:attachment":[{"href":"https:\/\/pelltech.eu\/et\/wp-json\/wp\/v2\/media?parent=2755"}],"wp:term":[{"taxonomy":"product_brand","embeddable":true,"href":"https:\/\/pelltech.eu\/et\/wp-json\/wp\/v2\/product_brand?post=2755"},{"taxonomy":"product_cat","embeddable":true,"href":"https:\/\/pelltech.eu\/et\/wp-json\/wp\/v2\/product_cat?post=2755"},{"taxonomy":"product_tag","embeddable":true,"href":"https:\/\/pelltech.eu\/et\/wp-json\/wp\/v2\/product_tag?post=2755"}],"curies":[{"name":"wp","href":"https:\/\/api.w.org\/{rel}","templated":true}]}}