{"id":3465,"date":"2023-04-12T12:24:46","date_gmt":"2023-04-12T09:24:46","guid":{"rendered":"https:\/\/pelltech.eu\/?post_type=product&#038;p=3465"},"modified":"2025-04-09T11:40:21","modified_gmt":"2025-04-09T08:40:21","slug":"pelltech-everclean-pk160-copy","status":"publish","type":"product","link":"https:\/\/pelltech.eu\/et\/toode\/pelltech-everclean-pk160-copy\/","title":{"rendered":"Pelltech Everclean PK160+"},"content":{"rendered":"<ul>\n<li>Vertikaalne, suure veemahuga 2-k\u00e4iguline katel<\/li>\n<li>Automaatne soojusvaheti puhastamine p\u00f6\u00f6rlevate turbulaatoritega<\/li>\n<li>Automaatne tuha\u00e4rastuss\u00fcsteem katlast<\/li>\n<li>Integreeritud SmartHouse kontroller p\u00f5leti, katla ja maja reguleerimiseks<\/li>\n<li>Katla interneti\u00fchendus v\u00f5imaldab kaugjuhtimist, andmete logi ja tarkvara uuendamist<\/li>\n<li>Suitsutoru v\u00f5imalik \u00fchendada nii vertikaalselt kui horisontaalselt<\/li>\n<\/ul>\n<p>&nbsp;<\/p>\n<p>Pelltech PK160+ Everclean on k\u00f5rge kasuteguriga kahek\u00e4iguline katel puidupelletite p\u00f5letamiseks. Katel pakub \u00fclit\u00f5husat ja mugavat\u00a0 lahendust nt lasteaedade, koolide, hotellide, m\u00f5isate, t\u00f6\u00f6stus- v\u00f5i kontorihoonete k\u00fctmiseks. Koos meie PV 180 p\u00f5letiga on see eriti keskkonnas\u00f5bralik k\u00fcttelahendus, sest automaatne puhastamine v\u00e4ldib olukorda kus soojus l\u00e4heb otse korstnasse ja pikendab tunduvalt katla hooldusintervallide sagedust. Katlasse on integreeritud tuhatigu, mis transpordib tuha kas katla ees v\u00f5i taga asuvasse suurde tuhakonteinerisse. T\u00f5mmet reguleeriv suitsugaasiventilaator parandab p\u00f5lemiskvaliteeti ja suurendab efekiivsust. Ohutuse tagamiseks on juba integreeritud ohutus- ja t\u00f6\u00f6termostaat.<\/p>\n<p>PK160+ Everclean on varustatud uue \u201eTarga maja\u201c kontrolleriga, mis suudab reguleerida kahte k\u00fctteringi segus\u00f5lme, kuni 4 tsirkulatsioonipumpa, kuni 7 juhtmega \u00fchendatud temperatuuriandurit, juhtmevaba sise-ja v\u00e4listemperatuuriandurit.<\/p>\n<p>&nbsp;<\/p>\n","protected":false},"excerpt":{"rendered":"<p>Vertikaalne, suure veemahuga 2-k\u00e4iguline katel Automaatne soojusvaheti puhastamine p\u00f6\u00f6rlevate turbulaatoritega Automaatne tuha\u00e4rastuss\u00fcsteem katlast Integreeritud SmartHouse kontroller p\u00f5leti, katla ja maja reguleerimiseks Katla interneti\u00fchendus v\u00f5imaldab kaugjuhtimist, andmete logi ja tarkvara uuendamist Suitsutoru v\u00f5imalik \u00fchendada nii vertikaalselt kui horisontaalselt &nbsp; Pelltech PK160+ Everclean on k\u00f5rge kasuteguriga kahek\u00e4iguline katel puidupelletite p\u00f5letamiseks. Katel pakub \u00fclit\u00f5husat ja mugavat\u00a0 lahendust nt [&hellip;]<\/p>\n","protected":false},"featured_media":690,"comment_status":"closed","ping_status":"closed","template":"","meta":{"_acf_changed":false},"product_brand":[],"product_cat":[58],"product_tag":[],"class_list":{"0":"post-3465","1":"product","2":"type-product","3":"status-publish","4":"has-post-thumbnail","6":"product_cat-katlad","8":"first","9":"instock","10":"taxable","11":"shipping-taxable","12":"product-type-simple"},"acf":[],"yoast_head":"<!-- This site is optimized with the Yoast SEO plugin v27.1.1 - https:\/\/yoast.com\/product\/yoast-seo-wordpress\/ -->\n<title>Pelltech Everclean PK160+ - Pelltech Burners<\/title>\n<meta name=\"robots\" content=\"index, follow, max-snippet:-1, max-image-preview:large, max-video-preview:-1\" \/>\n<link rel=\"canonical\" href=\"https:\/\/pelltech.eu\/et\/toode\/pelltech-everclean-pk160-copy\/\" \/>\n<meta property=\"og:locale\" content=\"et_EE\" \/>\n<meta property=\"og:type\" content=\"article\" \/>\n<meta property=\"og:title\" content=\"Pelltech Everclean PK160+ - Pelltech Burners\" \/>\n<meta property=\"og:description\" content=\"Vertikaalne, suure veemahuga 2-k\u00e4iguline katel Automaatne soojusvaheti puhastamine p\u00f6\u00f6rlevate turbulaatoritega Automaatne tuha\u00e4rastuss\u00fcsteem katlast Integreeritud SmartHouse kontroller p\u00f5leti, katla ja maja reguleerimiseks Katla interneti\u00fchendus v\u00f5imaldab kaugjuhtimist, andmete logi ja tarkvara uuendamist Suitsutoru v\u00f5imalik \u00fchendada nii vertikaalselt kui horisontaalselt &nbsp; Pelltech PK160+ Everclean on k\u00f5rge kasuteguriga kahek\u00e4iguline katel puidupelletite p\u00f5letamiseks. Katel pakub \u00fclit\u00f5husat ja mugavat\u00a0 lahendust nt [&hellip;]\" \/>\n<meta property=\"og:url\" content=\"https:\/\/pelltech.eu\/et\/toode\/pelltech-everclean-pk160-copy\/\" \/>\n<meta property=\"og:site_name\" content=\"Pelltech Burners\" \/>\n<meta property=\"article:modified_time\" content=\"2025-04-09T08:40:21+00:00\" \/>\n<meta property=\"og:image\" content=\"https:\/\/pelltech.eu\/wp-content\/uploads\/2018\/11\/PK0050-1.jpg\" \/>\n\t<meta property=\"og:image:width\" content=\"1100\" \/>\n\t<meta property=\"og:image:height\" content=\"1100\" \/>\n\t<meta property=\"og:image:type\" content=\"image\/jpeg\" \/>\n<meta name=\"twitter:card\" content=\"summary_large_image\" \/>\n<meta name=\"twitter:label1\" content=\"Est. reading time\" \/>\n\t<meta name=\"twitter:data1\" content=\"1 minut\" \/>\n<script type=\"application\/ld+json\" class=\"yoast-schema-graph\">{\"@context\":\"https:\/\/schema.org\",\"@graph\":[{\"@type\":\"WebPage\",\"@id\":\"https:\/\/pelltech.eu\/et\/toode\/pelltech-everclean-pk160-copy\/\",\"url\":\"https:\/\/pelltech.eu\/et\/toode\/pelltech-everclean-pk160-copy\/\",\"name\":\"Pelltech Everclean PK160+ - Pelltech Burners\",\"isPartOf\":{\"@id\":\"https:\/\/pelltech.eu\/et\/#website\"},\"primaryImageOfPage\":{\"@id\":\"https:\/\/pelltech.eu\/et\/toode\/pelltech-everclean-pk160-copy\/#primaryimage\"},\"image\":{\"@id\":\"https:\/\/pelltech.eu\/et\/toode\/pelltech-everclean-pk160-copy\/#primaryimage\"},\"thumbnailUrl\":\"https:\/\/pelltech.eu\/wp-content\/uploads\/2018\/11\/PK0050-1.jpg\",\"datePublished\":\"2023-04-12T09:24:46+00:00\",\"dateModified\":\"2025-04-09T08:40:21+00:00\",\"breadcrumb\":{\"@id\":\"https:\/\/pelltech.eu\/et\/toode\/pelltech-everclean-pk160-copy\/#breadcrumb\"},\"inLanguage\":\"et\",\"potentialAction\":[{\"@type\":\"ReadAction\",\"target\":[\"https:\/\/pelltech.eu\/et\/toode\/pelltech-everclean-pk160-copy\/\"]}]},{\"@type\":\"ImageObject\",\"inLanguage\":\"et\",\"@id\":\"https:\/\/pelltech.eu\/et\/toode\/pelltech-everclean-pk160-copy\/#primaryimage\",\"url\":\"https:\/\/pelltech.eu\/wp-content\/uploads\/2018\/11\/PK0050-1.jpg\",\"contentUrl\":\"https:\/\/pelltech.eu\/wp-content\/uploads\/2018\/11\/PK0050-1.jpg\",\"width\":1100,\"height\":1100},{\"@type\":\"BreadcrumbList\",\"@id\":\"https:\/\/pelltech.eu\/et\/toode\/pelltech-everclean-pk160-copy\/#breadcrumb\",\"itemListElement\":[{\"@type\":\"ListItem\",\"position\":1,\"name\":\"Home\",\"item\":\"https:\/\/pelltech.eu\/et\/\"},{\"@type\":\"ListItem\",\"position\":2,\"name\":\"Tooted\",\"item\":\"https:\/\/pelltech.eu\/et\/shop\/\"},{\"@type\":\"ListItem\",\"position\":3,\"name\":\"Pelltech Everclean PK160+\"}]},{\"@type\":\"WebSite\",\"@id\":\"https:\/\/pelltech.eu\/et\/#website\",\"url\":\"https:\/\/pelltech.eu\/et\/\",\"name\":\"Pelltech\",\"description\":\"\",\"publisher\":{\"@id\":\"https:\/\/pelltech.eu\/et\/#organization\"},\"potentialAction\":[{\"@type\":\"SearchAction\",\"target\":{\"@type\":\"EntryPoint\",\"urlTemplate\":\"https:\/\/pelltech.eu\/et\/?s={search_term_string}\"},\"query-input\":{\"@type\":\"PropertyValueSpecification\",\"valueRequired\":true,\"valueName\":\"search_term_string\"}}],\"inLanguage\":\"et\"},{\"@type\":\"Organization\",\"@id\":\"https:\/\/pelltech.eu\/et\/#organization\",\"name\":\"Pelltech\",\"url\":\"https:\/\/pelltech.eu\/et\/\",\"logo\":{\"@type\":\"ImageObject\",\"inLanguage\":\"et\",\"@id\":\"https:\/\/pelltech.eu\/et\/#\/schema\/logo\/image\/\",\"url\":\"https:\/\/pelltech.eu\/wp-content\/uploads\/2018\/09\/pelltech-logo.png\",\"contentUrl\":\"https:\/\/pelltech.eu\/wp-content\/uploads\/2018\/09\/pelltech-logo.png\",\"width\":548,\"height\":156,\"caption\":\"Pelltech\"},\"image\":{\"@id\":\"https:\/\/pelltech.eu\/et\/#\/schema\/logo\/image\/\"},\"sameAs\":[\"https:\/\/www.linkedin.com\/company\/3740174\/\"]}]}<\/script>\n<!-- \/ Yoast SEO plugin. -->","yoast_head_json":{"title":"Pelltech Everclean PK160+ - Pelltech Burners","robots":{"index":"index","follow":"follow","max-snippet":"max-snippet:-1","max-image-preview":"max-image-preview:large","max-video-preview":"max-video-preview:-1"},"canonical":"https:\/\/pelltech.eu\/et\/toode\/pelltech-everclean-pk160-copy\/","og_locale":"et_EE","og_type":"article","og_title":"Pelltech Everclean PK160+ - Pelltech Burners","og_description":"Vertikaalne, suure veemahuga 2-k\u00e4iguline katel Automaatne soojusvaheti puhastamine p\u00f6\u00f6rlevate turbulaatoritega Automaatne tuha\u00e4rastuss\u00fcsteem katlast Integreeritud SmartHouse kontroller p\u00f5leti, katla ja maja reguleerimiseks Katla interneti\u00fchendus v\u00f5imaldab kaugjuhtimist, andmete logi ja tarkvara uuendamist Suitsutoru v\u00f5imalik \u00fchendada nii vertikaalselt kui horisontaalselt &nbsp; Pelltech PK160+ Everclean on k\u00f5rge kasuteguriga kahek\u00e4iguline katel puidupelletite p\u00f5letamiseks. Katel pakub \u00fclit\u00f5husat ja mugavat\u00a0 lahendust nt [&hellip;]","og_url":"https:\/\/pelltech.eu\/et\/toode\/pelltech-everclean-pk160-copy\/","og_site_name":"Pelltech Burners","article_modified_time":"2025-04-09T08:40:21+00:00","og_image":[{"width":1100,"height":1100,"url":"https:\/\/pelltech.eu\/wp-content\/uploads\/2018\/11\/PK0050-1.jpg","type":"image\/jpeg"}],"twitter_card":"summary_large_image","twitter_misc":{"Est. reading time":"1 minut"},"schema":{"@context":"https:\/\/schema.org","@graph":[{"@type":"WebPage","@id":"https:\/\/pelltech.eu\/et\/toode\/pelltech-everclean-pk160-copy\/","url":"https:\/\/pelltech.eu\/et\/toode\/pelltech-everclean-pk160-copy\/","name":"Pelltech Everclean PK160+ - Pelltech Burners","isPartOf":{"@id":"https:\/\/pelltech.eu\/et\/#website"},"primaryImageOfPage":{"@id":"https:\/\/pelltech.eu\/et\/toode\/pelltech-everclean-pk160-copy\/#primaryimage"},"image":{"@id":"https:\/\/pelltech.eu\/et\/toode\/pelltech-everclean-pk160-copy\/#primaryimage"},"thumbnailUrl":"https:\/\/pelltech.eu\/wp-content\/uploads\/2018\/11\/PK0050-1.jpg","datePublished":"2023-04-12T09:24:46+00:00","dateModified":"2025-04-09T08:40:21+00:00","breadcrumb":{"@id":"https:\/\/pelltech.eu\/et\/toode\/pelltech-everclean-pk160-copy\/#breadcrumb"},"inLanguage":"et","potentialAction":[{"@type":"ReadAction","target":["https:\/\/pelltech.eu\/et\/toode\/pelltech-everclean-pk160-copy\/"]}]},{"@type":"ImageObject","inLanguage":"et","@id":"https:\/\/pelltech.eu\/et\/toode\/pelltech-everclean-pk160-copy\/#primaryimage","url":"https:\/\/pelltech.eu\/wp-content\/uploads\/2018\/11\/PK0050-1.jpg","contentUrl":"https:\/\/pelltech.eu\/wp-content\/uploads\/2018\/11\/PK0050-1.jpg","width":1100,"height":1100},{"@type":"BreadcrumbList","@id":"https:\/\/pelltech.eu\/et\/toode\/pelltech-everclean-pk160-copy\/#breadcrumb","itemListElement":[{"@type":"ListItem","position":1,"name":"Home","item":"https:\/\/pelltech.eu\/et\/"},{"@type":"ListItem","position":2,"name":"Tooted","item":"https:\/\/pelltech.eu\/et\/shop\/"},{"@type":"ListItem","position":3,"name":"Pelltech Everclean PK160+"}]},{"@type":"WebSite","@id":"https:\/\/pelltech.eu\/et\/#website","url":"https:\/\/pelltech.eu\/et\/","name":"Pelltech","description":"","publisher":{"@id":"https:\/\/pelltech.eu\/et\/#organization"},"potentialAction":[{"@type":"SearchAction","target":{"@type":"EntryPoint","urlTemplate":"https:\/\/pelltech.eu\/et\/?s={search_term_string}"},"query-input":{"@type":"PropertyValueSpecification","valueRequired":true,"valueName":"search_term_string"}}],"inLanguage":"et"},{"@type":"Organization","@id":"https:\/\/pelltech.eu\/et\/#organization","name":"Pelltech","url":"https:\/\/pelltech.eu\/et\/","logo":{"@type":"ImageObject","inLanguage":"et","@id":"https:\/\/pelltech.eu\/et\/#\/schema\/logo\/image\/","url":"https:\/\/pelltech.eu\/wp-content\/uploads\/2018\/09\/pelltech-logo.png","contentUrl":"https:\/\/pelltech.eu\/wp-content\/uploads\/2018\/09\/pelltech-logo.png","width":548,"height":156,"caption":"Pelltech"},"image":{"@id":"https:\/\/pelltech.eu\/et\/#\/schema\/logo\/image\/"},"sameAs":["https:\/\/www.linkedin.com\/company\/3740174\/"]}]}},"_links":{"self":[{"href":"https:\/\/pelltech.eu\/et\/wp-json\/wp\/v2\/product\/3465","targetHints":{"allow":["GET"]}}],"collection":[{"href":"https:\/\/pelltech.eu\/et\/wp-json\/wp\/v2\/product"}],"about":[{"href":"https:\/\/pelltech.eu\/et\/wp-json\/wp\/v2\/types\/product"}],"replies":[{"embeddable":true,"href":"https:\/\/pelltech.eu\/et\/wp-json\/wp\/v2\/comments?post=3465"}],"wp:featuredmedia":[{"embeddable":true,"href":"https:\/\/pelltech.eu\/et\/wp-json\/wp\/v2\/media\/690"}],"wp:attachment":[{"href":"https:\/\/pelltech.eu\/et\/wp-json\/wp\/v2\/media?parent=3465"}],"wp:term":[{"taxonomy":"product_brand","embeddable":true,"href":"https:\/\/pelltech.eu\/et\/wp-json\/wp\/v2\/product_brand?post=3465"},{"taxonomy":"product_cat","embeddable":true,"href":"https:\/\/pelltech.eu\/et\/wp-json\/wp\/v2\/product_cat?post=3465"},{"taxonomy":"product_tag","embeddable":true,"href":"https:\/\/pelltech.eu\/et\/wp-json\/wp\/v2\/product_tag?post=3465"}],"curies":[{"name":"wp","href":"https:\/\/api.w.org\/{rel}","templated":true}]}}