{"id":4169,"date":"2018-10-25T14:16:56","date_gmt":"2018-10-25T11:16:56","guid":{"rendered":"https:\/\/pelltech.eu\/product\/pelltech-pv-30\/"},"modified":"2025-04-21T11:56:06","modified_gmt":"2025-04-21T08:56:06","slug":"pelltech-pv-30","status":"publish","type":"product","link":"https:\/\/pelltech.eu\/et\/toode\/pelltech-pv-30\/","title":{"rendered":"Pelltech PV30"},"content":{"rendered":"<ul>\n<li>V\u00f5imsus kuni 30 kW<\/li>\n<li>Sertifitseeritud vastavalt EN 15270:2008 standardile<\/li>\n<li>Lihtne hooldada<\/li>\n<li>Automaatne puhastus suru\u00f5huga<\/li>\n<li>Pikk eluiga (k\u00f5ik detailid on lihtsasti vahetatavad)<\/li>\n<li>Internetti \u00fchendamise v\u00f5imalus<\/li>\n<li>Sobituv erinevate soojusvahetitega (katlad, k\u00fcpsetusahjud, kuivatid jne)<\/li>\n<li>K\u00e4ivita \u00fche nupuvajutusega \u2013 p\u00f5leti on kastist v\u00f5ttes juba eelseadistatud ja t\u00f6\u00f6valmis<\/li>\n<\/ul>\n<p>Need t\u00e4isautomaatsed pelletip\u00f5letid on m\u00f5eldud k\u00fctma eelk\u00f5ige v\u00e4iksema ja keskmise suurusega elumajasid.<\/p>\n<p>PV20 ja PV30 p\u00f5leteid on lihtne kasutada t\u00e4nu nende unikaalsele elekrilisele s\u00fc\u00fctamisele, automaatsele v\u00f5imsusvalikule ja informatiivsele juhtpaneelile. P\u00f5leti arvutab ise automaatselt nii vajalikku k\u00fctusekogust kui p\u00f5lemis\u00f5hku ning ei n\u00f5ua ka esmakordsel k\u00e4ivitamisel mingite andmete sisestamist. Oma suurep\u00e4rase p\u00f5lemiskvaliteedi, k\u00f5rge kasuteguri ja mitmete ohutuselementidega vastavad p\u00f5letid k\u00f5ikidele Euroopas n\u00f5utud standarditele. K\u00f5rge kasutusmugavuse tagab suru\u00f5huga automaatne puhastuss\u00fcsteem, mis pikendab p\u00f5leti hooldusv\u00e4lpa kuni kahe kuuni ning internetti \u00fchendamise v\u00f5imalus, mis lubab teil p\u00f5letit seadistada ja monitoorida igal ajal igas kohas.<\/p>\n","protected":false},"excerpt":{"rendered":"<p>V\u00f5imsus kuni 30kW <br class=\"avia-permanent-lb\" \/>Pneumaatiline puhastus <br class=\"avia-permanent-lb\" \/>Internetti \u00fchendamise v\u00f5imalus<\/p>\n","protected":false},"featured_media":670,"comment_status":"closed","ping_status":"closed","template":"","meta":{"_acf_changed":false},"product_brand":[],"product_cat":[55],"product_tag":[],"class_list":{"0":"post-4169","1":"product","2":"type-product","3":"status-publish","4":"has-post-thumbnail","6":"product_cat-poletid","8":"first","9":"instock","10":"taxable","11":"shipping-taxable","12":"product-type-simple"},"acf":[],"yoast_head":"<!-- This site is optimized with the Yoast SEO plugin v27.1.1 - https:\/\/yoast.com\/product\/yoast-seo-wordpress\/ -->\n<title>Pelltech PV30 - Pelltech Burners<\/title>\n<meta name=\"robots\" content=\"index, follow, max-snippet:-1, max-image-preview:large, max-video-preview:-1\" \/>\n<link rel=\"canonical\" href=\"https:\/\/pelltech.eu\/et\/toode\/pelltech-pv-30\/\" \/>\n<meta property=\"og:locale\" content=\"et_EE\" \/>\n<meta property=\"og:type\" content=\"article\" \/>\n<meta property=\"og:title\" content=\"Pelltech PV30 - Pelltech Burners\" \/>\n<meta property=\"og:description\" content=\"V\u00f5imsus kuni 30kW Pneumaatiline puhastus Internetti \u00fchendamise v\u00f5imalus\" \/>\n<meta property=\"og:url\" content=\"https:\/\/pelltech.eu\/et\/toode\/pelltech-pv-30\/\" \/>\n<meta property=\"og:site_name\" content=\"Pelltech Burners\" \/>\n<meta property=\"article:modified_time\" content=\"2025-04-21T08:56:06+00:00\" \/>\n<meta property=\"og:image\" content=\"https:\/\/pelltech.eu\/wp-content\/uploads\/2018\/10\/PV30a-1.jpg\" \/>\n\t<meta property=\"og:image:width\" content=\"1100\" \/>\n\t<meta property=\"og:image:height\" content=\"1100\" \/>\n\t<meta property=\"og:image:type\" content=\"image\/jpeg\" \/>\n<meta name=\"twitter:card\" content=\"summary_large_image\" \/>\n<meta name=\"twitter:label1\" content=\"Est. reading time\" \/>\n\t<meta name=\"twitter:data1\" content=\"1 minut\" \/>\n<script type=\"application\/ld+json\" class=\"yoast-schema-graph\">{\"@context\":\"https:\/\/schema.org\",\"@graph\":[{\"@type\":\"WebPage\",\"@id\":\"https:\/\/pelltech.eu\/et\/toode\/pelltech-pv-30\/\",\"url\":\"https:\/\/pelltech.eu\/et\/toode\/pelltech-pv-30\/\",\"name\":\"Pelltech PV30 - Pelltech Burners\",\"isPartOf\":{\"@id\":\"https:\/\/pelltech.eu\/et\/#website\"},\"primaryImageOfPage\":{\"@id\":\"https:\/\/pelltech.eu\/et\/toode\/pelltech-pv-30\/#primaryimage\"},\"image\":{\"@id\":\"https:\/\/pelltech.eu\/et\/toode\/pelltech-pv-30\/#primaryimage\"},\"thumbnailUrl\":\"https:\/\/pelltech.eu\/wp-content\/uploads\/2018\/10\/PV30a-1.jpg\",\"datePublished\":\"2018-10-25T11:16:56+00:00\",\"dateModified\":\"2025-04-21T08:56:06+00:00\",\"breadcrumb\":{\"@id\":\"https:\/\/pelltech.eu\/et\/toode\/pelltech-pv-30\/#breadcrumb\"},\"inLanguage\":\"et\",\"potentialAction\":[{\"@type\":\"ReadAction\",\"target\":[\"https:\/\/pelltech.eu\/et\/toode\/pelltech-pv-30\/\"]}]},{\"@type\":\"ImageObject\",\"inLanguage\":\"et\",\"@id\":\"https:\/\/pelltech.eu\/et\/toode\/pelltech-pv-30\/#primaryimage\",\"url\":\"https:\/\/pelltech.eu\/wp-content\/uploads\/2018\/10\/PV30a-1.jpg\",\"contentUrl\":\"https:\/\/pelltech.eu\/wp-content\/uploads\/2018\/10\/PV30a-1.jpg\",\"width\":1100,\"height\":1100},{\"@type\":\"BreadcrumbList\",\"@id\":\"https:\/\/pelltech.eu\/et\/toode\/pelltech-pv-30\/#breadcrumb\",\"itemListElement\":[{\"@type\":\"ListItem\",\"position\":1,\"name\":\"Home\",\"item\":\"https:\/\/pelltech.eu\/et\/\"},{\"@type\":\"ListItem\",\"position\":2,\"name\":\"Tooted\",\"item\":\"https:\/\/pelltech.eu\/et\/shop\/\"},{\"@type\":\"ListItem\",\"position\":3,\"name\":\"Pelltech PV30\"}]},{\"@type\":\"WebSite\",\"@id\":\"https:\/\/pelltech.eu\/et\/#website\",\"url\":\"https:\/\/pelltech.eu\/et\/\",\"name\":\"Pelltech\",\"description\":\"\",\"publisher\":{\"@id\":\"https:\/\/pelltech.eu\/et\/#organization\"},\"potentialAction\":[{\"@type\":\"SearchAction\",\"target\":{\"@type\":\"EntryPoint\",\"urlTemplate\":\"https:\/\/pelltech.eu\/et\/?s={search_term_string}\"},\"query-input\":{\"@type\":\"PropertyValueSpecification\",\"valueRequired\":true,\"valueName\":\"search_term_string\"}}],\"inLanguage\":\"et\"},{\"@type\":\"Organization\",\"@id\":\"https:\/\/pelltech.eu\/et\/#organization\",\"name\":\"Pelltech\",\"url\":\"https:\/\/pelltech.eu\/et\/\",\"logo\":{\"@type\":\"ImageObject\",\"inLanguage\":\"et\",\"@id\":\"https:\/\/pelltech.eu\/et\/#\/schema\/logo\/image\/\",\"url\":\"https:\/\/pelltech.eu\/wp-content\/uploads\/2018\/09\/pelltech-logo.png\",\"contentUrl\":\"https:\/\/pelltech.eu\/wp-content\/uploads\/2018\/09\/pelltech-logo.png\",\"width\":548,\"height\":156,\"caption\":\"Pelltech\"},\"image\":{\"@id\":\"https:\/\/pelltech.eu\/et\/#\/schema\/logo\/image\/\"},\"sameAs\":[\"https:\/\/www.linkedin.com\/company\/3740174\/\"]}]}<\/script>\n<!-- \/ Yoast SEO plugin. -->","yoast_head_json":{"title":"Pelltech PV30 - Pelltech Burners","robots":{"index":"index","follow":"follow","max-snippet":"max-snippet:-1","max-image-preview":"max-image-preview:large","max-video-preview":"max-video-preview:-1"},"canonical":"https:\/\/pelltech.eu\/et\/toode\/pelltech-pv-30\/","og_locale":"et_EE","og_type":"article","og_title":"Pelltech PV30 - Pelltech Burners","og_description":"V\u00f5imsus kuni 30kW Pneumaatiline puhastus Internetti \u00fchendamise v\u00f5imalus","og_url":"https:\/\/pelltech.eu\/et\/toode\/pelltech-pv-30\/","og_site_name":"Pelltech Burners","article_modified_time":"2025-04-21T08:56:06+00:00","og_image":[{"width":1100,"height":1100,"url":"https:\/\/pelltech.eu\/wp-content\/uploads\/2018\/10\/PV30a-1.jpg","type":"image\/jpeg"}],"twitter_card":"summary_large_image","twitter_misc":{"Est. reading time":"1 minut"},"schema":{"@context":"https:\/\/schema.org","@graph":[{"@type":"WebPage","@id":"https:\/\/pelltech.eu\/et\/toode\/pelltech-pv-30\/","url":"https:\/\/pelltech.eu\/et\/toode\/pelltech-pv-30\/","name":"Pelltech PV30 - Pelltech Burners","isPartOf":{"@id":"https:\/\/pelltech.eu\/et\/#website"},"primaryImageOfPage":{"@id":"https:\/\/pelltech.eu\/et\/toode\/pelltech-pv-30\/#primaryimage"},"image":{"@id":"https:\/\/pelltech.eu\/et\/toode\/pelltech-pv-30\/#primaryimage"},"thumbnailUrl":"https:\/\/pelltech.eu\/wp-content\/uploads\/2018\/10\/PV30a-1.jpg","datePublished":"2018-10-25T11:16:56+00:00","dateModified":"2025-04-21T08:56:06+00:00","breadcrumb":{"@id":"https:\/\/pelltech.eu\/et\/toode\/pelltech-pv-30\/#breadcrumb"},"inLanguage":"et","potentialAction":[{"@type":"ReadAction","target":["https:\/\/pelltech.eu\/et\/toode\/pelltech-pv-30\/"]}]},{"@type":"ImageObject","inLanguage":"et","@id":"https:\/\/pelltech.eu\/et\/toode\/pelltech-pv-30\/#primaryimage","url":"https:\/\/pelltech.eu\/wp-content\/uploads\/2018\/10\/PV30a-1.jpg","contentUrl":"https:\/\/pelltech.eu\/wp-content\/uploads\/2018\/10\/PV30a-1.jpg","width":1100,"height":1100},{"@type":"BreadcrumbList","@id":"https:\/\/pelltech.eu\/et\/toode\/pelltech-pv-30\/#breadcrumb","itemListElement":[{"@type":"ListItem","position":1,"name":"Home","item":"https:\/\/pelltech.eu\/et\/"},{"@type":"ListItem","position":2,"name":"Tooted","item":"https:\/\/pelltech.eu\/et\/shop\/"},{"@type":"ListItem","position":3,"name":"Pelltech PV30"}]},{"@type":"WebSite","@id":"https:\/\/pelltech.eu\/et\/#website","url":"https:\/\/pelltech.eu\/et\/","name":"Pelltech","description":"","publisher":{"@id":"https:\/\/pelltech.eu\/et\/#organization"},"potentialAction":[{"@type":"SearchAction","target":{"@type":"EntryPoint","urlTemplate":"https:\/\/pelltech.eu\/et\/?s={search_term_string}"},"query-input":{"@type":"PropertyValueSpecification","valueRequired":true,"valueName":"search_term_string"}}],"inLanguage":"et"},{"@type":"Organization","@id":"https:\/\/pelltech.eu\/et\/#organization","name":"Pelltech","url":"https:\/\/pelltech.eu\/et\/","logo":{"@type":"ImageObject","inLanguage":"et","@id":"https:\/\/pelltech.eu\/et\/#\/schema\/logo\/image\/","url":"https:\/\/pelltech.eu\/wp-content\/uploads\/2018\/09\/pelltech-logo.png","contentUrl":"https:\/\/pelltech.eu\/wp-content\/uploads\/2018\/09\/pelltech-logo.png","width":548,"height":156,"caption":"Pelltech"},"image":{"@id":"https:\/\/pelltech.eu\/et\/#\/schema\/logo\/image\/"},"sameAs":["https:\/\/www.linkedin.com\/company\/3740174\/"]}]}},"_links":{"self":[{"href":"https:\/\/pelltech.eu\/et\/wp-json\/wp\/v2\/product\/4169","targetHints":{"allow":["GET"]}}],"collection":[{"href":"https:\/\/pelltech.eu\/et\/wp-json\/wp\/v2\/product"}],"about":[{"href":"https:\/\/pelltech.eu\/et\/wp-json\/wp\/v2\/types\/product"}],"replies":[{"embeddable":true,"href":"https:\/\/pelltech.eu\/et\/wp-json\/wp\/v2\/comments?post=4169"}],"wp:featuredmedia":[{"embeddable":true,"href":"https:\/\/pelltech.eu\/et\/wp-json\/wp\/v2\/media\/670"}],"wp:attachment":[{"href":"https:\/\/pelltech.eu\/et\/wp-json\/wp\/v2\/media?parent=4169"}],"wp:term":[{"taxonomy":"product_brand","embeddable":true,"href":"https:\/\/pelltech.eu\/et\/wp-json\/wp\/v2\/product_brand?post=4169"},{"taxonomy":"product_cat","embeddable":true,"href":"https:\/\/pelltech.eu\/et\/wp-json\/wp\/v2\/product_cat?post=4169"},{"taxonomy":"product_tag","embeddable":true,"href":"https:\/\/pelltech.eu\/et\/wp-json\/wp\/v2\/product_tag?post=4169"}],"curies":[{"name":"wp","href":"https:\/\/api.w.org\/{rel}","templated":true}]}}